{"id":69,"date":"2018-06-19T10:44:17","date_gmt":"2018-06-19T10:44:17","guid":{"rendered":"https:\/\/odontologia.uady.mx\/centenario\/about-us\/"},"modified":"2022-11-15T00:49:30","modified_gmt":"2022-11-15T00:49:30","slug":"libro","status":"publish","type":"page","link":"https:\/\/odontologia.uady.mx\/centenario\/libro\/","title":{"rendered":"Libro"},"content":{"rendered":"\t\t<div data-elementor-type=\"wp-page\" data-elementor-id=\"69\" class=\"elementor elementor-69\">\n\t\t\t\t<div class=\"aux-parallax-section elementor-element elementor-element-d3737da e-flex e-con-boxed e-con e-parent\" data-id=\"d3737da\" data-element_type=\"container\" data-settings=\"{&quot;background_background&quot;:&quot;classic&quot;}\">\n\t\t\t\t\t<div class=\"e-con-inner\">\n\t\t<div class=\"elementor-element elementor-element-c18ff30 aux-appear-watch-animation aux-fade-in-right e-con-full e-flex e-con e-child\" data-id=\"c18ff30\" data-element_type=\"container\">\n\t\t\t\t<div class=\"elementor-element elementor-element-df1ed59 elementor-widget elementor-widget-aux_modern_heading\" data-id=\"df1ed59\" data-element_type=\"widget\" data-widget_type=\"aux_modern_heading.default\">\n\t\t\t\t<div class=\"elementor-widget-container\">\n\t\t\t\t\t<section class=\"aux-widget-modern-heading\">\n            <div class=\"aux-widget-inner\"><h2 class=\"aux-modern-heading-primary\">El arte de trascender con ciencia<\/h2><\/div>\n        <\/section>\t\t\t\t<\/div>\n\t\t\t\t<\/div>\n\t\t\t\t<div class=\"elementor-element elementor-element-de9d3b8 elementor-widget elementor-widget-aux_breadcrumbs\" data-id=\"de9d3b8\" data-element_type=\"widget\" data-widget_type=\"aux_breadcrumbs.default\">\n\t\t\t\t<div class=\"elementor-widget-container\">\n\t\t\t\t\t<div class=\"aux-elementor-breadcrumbs\"><p class=\"aux-breadcrumbs\"><span><a href=\"https:\/\/odontologia.uady.mx\/centenario\" title=\"Inicio\">Inicio<\/a><\/span><\/div>\t\t\t\t<\/div>\n\t\t\t\t<\/div>\n\t\t\t\t<\/div>\n\t\t\t\t\t<\/div>\n\t\t\t\t<\/div>\n\t\t\t\t<section class=\"elementor-section elementor-top-section elementor-element elementor-element-c443e5c elementor-section-content-middle elementor-section-boxed elementor-section-height-default elementor-section-height-default\" data-id=\"c443e5c\" data-element_type=\"section\">\n\t\t\t\t\t\t<div class=\"elementor-container elementor-column-gap-extended\">\n\t\t\t\t\t<div class=\"aux-parallax-section elementor-column elementor-col-50 elementor-top-column elementor-element elementor-element-d9e56c1\" data-id=\"d9e56c1\" data-element_type=\"column\" data-settings=\"{&quot;background_background&quot;:&quot;classic&quot;}\">\n\t\t\t<div class=\"elementor-widget-wrap elementor-element-populated\">\n\t\t\t\t\t\t<div class=\"elementor-element elementor-element-6c6bfbe elementor-widget__width-auto aux-appear-watch-animation aux-fade-in-down-2 elementor-widget elementor-widget-aux_image\" data-id=\"6c6bfbe\" data-element_type=\"widget\" data-widget_type=\"aux_image.default\">\n\t\t\t\t<div class=\"elementor-widget-container\">\n\t\t\t\t\t<section class=\"widget-container aux-widget-image aux-alignnone aux-parent-au1c5ae967\">\n    <div class=\"aux-media-hint-frame \">\n        <div class=\"aux-media-image \" >\n        \n            \n\n            \n            <img fetchpriority=\"high\" decoding=\"async\" width=\"571\" height=\"700\" src=\"data:image\/gif;base64,R0lGODlhAQABAIAAAAAAAP\/\/\/yH5BAEAAAAALAAAAAABAAEAAAIBRAA7\" class=\"aux-attachment aux-featured-image aux-attachment-id-675 aux-preload aux-blank\" alt=\"Libro El arte de trascender con ciencia\" data-ratio=\"0.82\" data-original-w=\"571\" data-src=\"https:\/\/odontologia.uady.mx\/centenario\/wp-content\/uploads\/2022\/11\/Portada-1-2.png\" \/>            \n                <\/div>\n    <\/div>\n\n<\/section><!-- widget-container -->\t\t\t\t<\/div>\n\t\t\t\t<\/div>\n\t\t\t\t\t<\/div>\n\t\t<\/div>\n\t\t\t\t<div class=\"aux-parallax-section elementor-column elementor-col-50 elementor-top-column elementor-element elementor-element-c07e459\" data-id=\"c07e459\" data-element_type=\"column\">\n\t\t\t<div class=\"elementor-widget-wrap elementor-element-populated\">\n\t\t\t\t\t\t<div class=\"elementor-element elementor-element-d98417b aux-appear-watch-animation aux-fade-in-up elementor-widget elementor-widget-aux_modern_heading\" data-id=\"d98417b\" data-element_type=\"widget\" data-widget_type=\"aux_modern_heading.default\">\n\t\t\t\t<div class=\"elementor-widget-container\">\n\t\t\t\t\t<section class=\"aux-widget-modern-heading\">\n            <div class=\"aux-widget-inner\"><h2 class=\"aux-modern-heading-primary\">Un libro de colecci\u00f3n<\/h2><h3 class=\"aux-modern-heading-secondary\"><span class=\"aux-head-before\">El arte de trascender con ciencia.<\/span><\/h3><div class=\"aux-modern-heading-divider\"><\/div><div class=\"aux-modern-heading-description\"><p>Este libro conmemorativo relata los or\u00edgenes de la profesionalizaci\u00f3n de la ense\u00f1anza en cirug\u00eda dental, la creaci\u00f3n de la Escuela de Odontolog\u00eda y sus etapas de transformaci\u00f3n, a partir de su apertura en febrero de 1923 hasta el a\u00f1o 2023.<br \/>La independencia de esta instituci\u00f3n, su reacomodo en varias sedes y reformas en sus programas de estudios, junto con algunas vivencias de su devenir humano, se han reconstruido gracias a una investigaci\u00f3n en archivos hist\u00f3ricos y numerosas entrevistas a quienes atestiguaron muchos de estos acontecimientos.<\/p><\/div><\/div>\n        <\/section>\t\t\t\t<\/div>\n\t\t\t\t<\/div>\n\t\t\t\t\t<\/div>\n\t\t<\/div>\n\t\t\t\t\t<\/div>\n\t\t<\/section>\n\t\t<div class=\"aux-parallax-section elementor-element elementor-element-971e9ae e-flex e-con-boxed e-con e-parent\" data-id=\"971e9ae\" data-element_type=\"container\">\n\t\t\t\t\t<div class=\"e-con-inner\">\n\t\t\t\t<div class=\"elementor-element elementor-element-fc8b47c elementor-widget elementor-widget-image\" data-id=\"fc8b47c\" data-element_type=\"widget\" data-widget_type=\"image.default\">\n\t\t\t\t<div class=\"elementor-widget-container\">\n\t\t\t\t\t\t\t\t\t\t\t\t\t\t\t\t<a href=\"https:\/\/odontologia.uady.mx\/centenario\/wp-content\/uploads\/2022\/11\/Invitacon-Centenario-UADY.png\" data-elementor-open-lightbox=\"yes\" data-elementor-lightbox-title=\"Invitac\u00f3n Centenario UADY\" data-e-action-hash=\"#elementor-action%3Aaction%3Dlightbox%26settings%3DeyJpZCI6OTE4LCJ1cmwiOiJodHRwczpcL1wvb2RvbnRvbG9naWEudWFkeS5teFwvY2VudGVuYXJpb1wvd3AtY29udGVudFwvdXBsb2Fkc1wvMjAyMlwvMTFcL0ludml0YWNvbi1DZW50ZW5hcmlvLVVBRFkucG5nIn0%3D\">\n\t\t\t\t\t\t\t<img decoding=\"async\" width=\"1280\" height=\"845\" src=\"https:\/\/odontologia.uady.mx\/centenario\/wp-content\/uploads\/2022\/11\/Invitacon-Centenario-UADY.png\" class=\"elementor-animation-grow attachment-full size-full wp-image-918\" alt=\"\" srcset=\"https:\/\/odontologia.uady.mx\/centenario\/wp-content\/uploads\/2022\/11\/Invitacon-Centenario-UADY.png 1280w, https:\/\/odontologia.uady.mx\/centenario\/wp-content\/uploads\/2022\/11\/Invitacon-Centenario-UADY-200x132.png 200w\" sizes=\"(max-width: 1280px) 100vw, 1280px\" \/>\t\t\t\t\t\t\t\t<\/a>\n\t\t\t\t\t\t\t\t\t\t\t\t\t\t\t<\/div>\n\t\t\t\t<\/div>\n\t\t\t\t\t<\/div>\n\t\t\t\t<\/div>\n\t\t\t\t<\/div>\n\t\t","protected":false},"excerpt":{"rendered":"<p>El arte de trascender con ciencia Inicio Un libro de colecci\u00f3n El arte de trascender con ciencia. Este libro conmemorativo relata los or\u00edgenes de la profesionalizaci\u00f3n de la ense\u00f1anza en cirug\u00eda dental, la creaci\u00f3n de la Escuela de Odontolog\u00eda y sus etapas de transformaci\u00f3n, a partir de su apertura en febrero de 1923 hasta el [&hellip;]<\/p>\n","protected":false},"author":2,"featured_media":0,"parent":0,"menu_order":0,"comment_status":"closed","ping_status":"closed","template":"templates\/page-builder-content.php","meta":{"footnotes":""},"class_list":["post-69","page","type-page","status-publish","hentry"],"_links":{"self":[{"href":"https:\/\/odontologia.uady.mx\/centenario\/wp-json\/wp\/v2\/pages\/69","targetHints":{"allow":["GET"]}}],"collection":[{"href":"https:\/\/odontologia.uady.mx\/centenario\/wp-json\/wp\/v2\/pages"}],"about":[{"href":"https:\/\/odontologia.uady.mx\/centenario\/wp-json\/wp\/v2\/types\/page"}],"author":[{"embeddable":true,"href":"https:\/\/odontologia.uady.mx\/centenario\/wp-json\/wp\/v2\/users\/2"}],"replies":[{"embeddable":true,"href":"https:\/\/odontologia.uady.mx\/centenario\/wp-json\/wp\/v2\/comments?post=69"}],"version-history":[{"count":41,"href":"https:\/\/odontologia.uady.mx\/centenario\/wp-json\/wp\/v2\/pages\/69\/revisions"}],"predecessor-version":[{"id":924,"href":"https:\/\/odontologia.uady.mx\/centenario\/wp-json\/wp\/v2\/pages\/69\/revisions\/924"}],"wp:attachment":[{"href":"https:\/\/odontologia.uady.mx\/centenario\/wp-json\/wp\/v2\/media?parent=69"}],"curies":[{"name":"wp","href":"https:\/\/api.w.org\/{rel}","templated":true}]}}